{"id":116,"date":"2014-07-31T16:05:54","date_gmt":"2014-07-31T21:05:54","guid":{"rendered":"http:\/\/themes.apex-test.dev\/?page_id=116"},"modified":"2020-07-27T14:44:51","modified_gmt":"2020-07-27T12:44:51","slug":"fme","status":"publish","type":"page","link":"https:\/\/fme.shh.pl\/index.php\/fme\/","title":{"rendered":"FME"},"content":{"rendered":"<p><section class=\"kc-elm kc-css-190753 kc_row\"><div class=\"kc-row-container  kc-container\"><div class=\"kc-wrap-columns\"><div class=\"kc-elm kc-css-657732 kc_col-sm-12 kc_column kc_col-sm-12\"><div class=\"kc-col-container\"><div class=\"kc-elm kc-css-108717 kc-animated kc-animate-eff-rubberBand kc_shortcode kc_single_image\">\n\n        <a  href=\"https:\/\/fme.shh.pl\/index.php\/idea\/fme-desktop\/\" title=\"FME Server\" target=\"_self\">\n        <img src=\"https:\/\/fme.shh.pl\/wp-content\/uploads\/2020\/06\/kontener-1.png\" class=\"\" alt=\"\" \/>    <\/a>\n    \t    <p class=\"scapt\">podstawy wszystkiego<\/p>\n\t    <\/div>\n<div class=\"kc-elm kc-css-785295\" style=\"height: 8px; clear: both; width:100%;\"><\/div><div class=\"kc-elm kc-css-806746 kc-animated kc-animate-eff-pulse kc_shortcode kc_single_image\">\n\n        <a  href=\"https:\/\/fme.shh.pl\/index.php\/idea\/fme-server\/\" title=\"FME DESKTOP \u2013 zaawansowane\" target=\"_self\">\n        <img src=\"https:\/\/fme.shh.pl\/wp-content\/uploads\/2020\/06\/kontener-2.png\" class=\"\" alt=\"\" \/>    <\/a>\n    \t    <p class=\"scapt\">co warto mie\u0107<\/p>\n\t    <\/div>\n<div class=\"kc-elm kc-css-787736\" style=\"height: 8px; clear: both; width:100%;\"><\/div><div class=\"kc-elm kc-css-568190 kc-animated kc-animate-eff-pulse kc_shortcode kc_single_image\">\n\n        <a  href=\"https:\/\/fme.shh.pl\/index.php\/idea\/fme-cloud\/\" title=\"FME Cloud\" target=\"_self\">\n        <img src=\"https:\/\/fme.shh.pl\/wp-content\/uploads\/2020\/06\/kontener-3.png\" class=\"\" alt=\"\" \/>    <\/a>\n    \t    <p class=\"scapt\">gdzie warto by\u0107<\/p>\n\t    <\/div>\n<div class=\"kc-elm kc-css-865027\" style=\"height: 97px; clear: both; width:100%;\"><\/div><\/div><\/div><\/div><\/div><\/section><section class=\"kc-elm kc-css-886289 kc_row\"><div class=\"kc-row-container  kc-container\"><div class=\"kc-wrap-columns\"><div class=\"kc-elm kc-css-143346 kc_col-sm-4 kc_column kc_col-sm-4\"><div class=\"kc-col-container\"><div class=\"kc-elm kc-css-13725 kc-animated kc-animate-eff-bounceIn kc-icon-wrapper FME Desktop\">\n\t\t<a href=\"https:\/\/fme.shh.pl\/index.php\/idea\/fme-desktop\/\" target=\"_self\" title=\"FME Desktop\">\n\t\t<i class=\"et-laptop\"><\/i>\n\t\t<\/a>\n\t<\/div>\n<div class=\"kc-elm kc-css-843981 kc_text_block\"><\/p>\n<h2 style=\"text-align: center;\"><\/h2>\n<h2 style=\"text-align: center;\"><strong><a href=\"https:\/\/fme.shh.pl\/index.php\/idea\/fme-desktop\/\">FME Desktop<\/a><\/strong><\/h2>\n<p style=\"text-align: center;\"><strong><span style=\"font-style: inherit;\">Przetwarzaj dane za pomoc\u0105 kilku szybkich klikni\u0119\u0107!<\/span><\/strong><\/p>\n<p style=\"text-align: center;\">FME Desktop wykorzystuje wizualny interfejs do \u0142\u0105czenia aplikacji i przekszta\u0142cania danych. Ka\u017cdy workflow jest powtarzalny i mo\u017cna go uruchomi\u0107 lub rozbudowa\u0107 w dowolnym momencie.<\/p>\n<p style=\"text-align: center;\">\n<\/div><\/div><\/div><div class=\"kc-elm kc-css-694115 kc_col-sm-4 kc_column kc_col-sm-4\"><div class=\"kc-col-container\"><div class=\"kc-elm kc-css-46732 kc-animated kc-animate-eff-bounceIn kc-icon-wrapper FME Serwer\">\n\t\t<a href=\"https:\/\/fme.shh.pl\/index.php\/idea\/fme-server\/\" target=\"_self\" title=\"FME Serwer\">\n\t\t<i class=\"et-layers\"><\/i>\n\t\t<\/a>\n\t<\/div>\n<div class=\"kc-elm kc-css-602060 kc_text_block\"><\/p>\n<h2 style=\"text-align: center;\"><\/h2>\n<h2 style=\"text-align: center;\"><strong><a href=\"https:\/\/fme.shh.pl\/index.php\/idea\/fme-server\/\">FME Server<\/a><\/strong><\/h2>\n<p style=\"text-align: center;\"><strong>Automatyzuj przetwarzanie danych!<\/strong><\/p>\n<p style=\"text-align: center;\">FME Server zapewnia automatyzacj\u0119 proces\u00f3w i umo\u017cliwia uruchamianie workflow w czasie rzeczywistym lub zgodnie z harmonogramem.<\/p>\n<p style=\"text-align: center;\">\n<\/div><\/div><\/div><div class=\"kc-elm kc-css-769834 kc_col-sm-4 kc_column kc_col-sm-4\"><div class=\"kc-col-container\"><div class=\"kc-elm kc-css-526255 kc-animated kc-animate-eff-bounceIn kc-icon-wrapper FME Cloud\">\n\t\t<a href=\"https:\/\/fme.shh.pl\/index.php\/idea\/fme-server\/fme-cloud\/\" target=\"_self\" title=\"FME Cloud\">\n\t\t<i class=\"et-download\"><\/i>\n\t\t<\/a>\n\t<\/div>\n<div class=\"kc-elm kc-css-776384 kc_text_block\"><\/p>\n<h2 style=\"text-align: center;\"><\/h2>\n<h2 style=\"text-align: center;\"><a href=\"https:\/\/fme.shh.pl\/index.php\/idea\/fme-server\/fme-cloud\/\"><strong>FME Cloud<\/strong><\/a><\/h2>\n<p style=\"text-align: center;\"><strong>Uruchom FME w chmurze!<\/strong><\/p>\n<p style=\"text-align: center;\">FME Cloud \u0142\u0105czy szybko\u015b\u0107 i elastyczno\u015b\u0107 chmury z automatyzacj\u0105 FME Server w celu bezproblemowego przetwarzania danych.<\/p>\n<p style=\"text-align: center;\">\n<\/div><\/div><\/div><\/div><\/div><\/section><section class=\"kc-elm kc-css-815918 kc_row\"><div class=\"kc-row-container  kc-container\"><div class=\"kc-wrap-columns\"><div class=\"kc-elm kc-css-153643 kc_col-sm-12 kc_column kc_col-sm-12\"><div class=\"kc-col-container\"><div class=\"kc-elm kc-css-330262 kc_text_block\"><\/p>\n<p>\n<\/div><\/div><\/div><\/div><\/div><\/section><\/p>\n","protected":false},"excerpt":{"rendered":"","protected":false},"author":5,"featured_media":0,"parent":0,"menu_order":24,"comment_status":"closed","ping_status":"closed","template":"","meta":{"_mi_skip_tracking":false},"_links":{"self":[{"href":"https:\/\/fme.shh.pl\/index.php\/wp-json\/wp\/v2\/pages\/116"}],"collection":[{"href":"https:\/\/fme.shh.pl\/index.php\/wp-json\/wp\/v2\/pages"}],"about":[{"href":"https:\/\/fme.shh.pl\/index.php\/wp-json\/wp\/v2\/types\/page"}],"author":[{"embeddable":true,"href":"https:\/\/fme.shh.pl\/index.php\/wp-json\/wp\/v2\/users\/5"}],"replies":[{"embeddable":true,"href":"https:\/\/fme.shh.pl\/index.php\/wp-json\/wp\/v2\/comments?post=116"}],"version-history":[{"count":102,"href":"https:\/\/fme.shh.pl\/index.php\/wp-json\/wp\/v2\/pages\/116\/revisions"}],"predecessor-version":[{"id":4175,"href":"https:\/\/fme.shh.pl\/index.php\/wp-json\/wp\/v2\/pages\/116\/revisions\/4175"}],"wp:attachment":[{"href":"https:\/\/fme.shh.pl\/index.php\/wp-json\/wp\/v2\/media?parent=116"}],"curies":[{"name":"wp","href":"https:\/\/api.w.org\/{rel}","templated":true}]}}