{"id":131,"date":"2019-04-23T16:26:54","date_gmt":"2019-04-23T14:26:54","guid":{"rendered":"http:\/\/themes.apex-test.dev\/?page_id=131"},"modified":"2020-07-21T16:14:38","modified_gmt":"2020-07-21T14:14:38","slug":"dane","status":"publish","type":"page","link":"https:\/\/fme.shh.pl\/index.php\/dane\/","title":{"rendered":"Dane"},"content":{"rendered":"<section class=\"kc-elm kc-css-502121 kc_row\"><div class=\"kc-row-container  kc-container\"><div class=\"kc-wrap-columns\"><div class=\"kc-elm kc-css-69239 kc_col-sm-12 kc_column kc_col-sm-12\"><div class=\"kc-col-container\"><div class=\"kc-elm kc-css-395553 kc_text_block\"><\/p>\n<p style=\"text-align: center;\">Pe\u0142ne zestawienie obs\u0142ugiwanych format\u00f3w znajdziesz <a href=\"https:\/\/www.safe.com\/integrate\/\">TUTAJ<\/a><\/p>\n<p>\n<\/div><\/div><\/div><\/div><\/div><\/section>\n","protected":false},"excerpt":{"rendered":"","protected":false},"author":5,"featured_media":0,"parent":0,"menu_order":24,"comment_status":"closed","ping_status":"closed","template":"pgtemp-members.php","meta":{"_mi_skip_tracking":false},"_links":{"self":[{"href":"https:\/\/fme.shh.pl\/index.php\/wp-json\/wp\/v2\/pages\/131"}],"collection":[{"href":"https:\/\/fme.shh.pl\/index.php\/wp-json\/wp\/v2\/pages"}],"about":[{"href":"https:\/\/fme.shh.pl\/index.php\/wp-json\/wp\/v2\/types\/page"}],"author":[{"embeddable":true,"href":"https:\/\/fme.shh.pl\/index.php\/wp-json\/wp\/v2\/users\/5"}],"replies":[{"embeddable":true,"href":"https:\/\/fme.shh.pl\/index.php\/wp-json\/wp\/v2\/comments?post=131"}],"version-history":[{"count":25,"href":"https:\/\/fme.shh.pl\/index.php\/wp-json\/wp\/v2\/pages\/131\/revisions"}],"predecessor-version":[{"id":3954,"href":"https:\/\/fme.shh.pl\/index.php\/wp-json\/wp\/v2\/pages\/131\/revisions\/3954"}],"wp:attachment":[{"href":"https:\/\/fme.shh.pl\/index.php\/wp-json\/wp\/v2\/media?parent=131"}],"curies":[{"name":"wp","href":"https:\/\/api.w.org\/{rel}","templated":true}]}}