{"id":133,"date":"2014-07-31T16:29:03","date_gmt":"2014-07-31T14:29:03","guid":{"rendered":"http:\/\/themes.apex-test.dev\/?page_id=133"},"modified":"2020-07-15T20:57:35","modified_gmt":"2020-07-15T18:57:35","slug":"responsive-design","status":"publish","type":"page","link":"https:\/\/fme.shh.pl\/index.php\/start\/responsive-design\/","title":{"rendered":"Responsive Design"},"content":{"rendered":"<h1>Jak dzia\u0142a FME<\/h1>\n<p style=\"text-align: left;\"><div class=\"mtphr-shortcodes-row-responsive\"><div class=\"mtphr-shortcodes-grid5 wow fadeIn\">\n<p><img loading=\"lazy\" class=\"alignnone size-medium wp-image-369\" src=\"https:\/\/fme.shh.pl\/wp-content\/uploads\/2019\/04\/1.1-300x174.png\" alt=\"\" width=\"300\" height=\"174\" srcset=\"https:\/\/fme.shh.pl\/wp-content\/uploads\/2019\/04\/1.1-300x174.png 300w, https:\/\/fme.shh.pl\/wp-content\/uploads\/2019\/04\/1.1.png 302w\" sizes=\"(max-width: 300px) 100vw, 300px\" \/><\/p>\n<p style=\"text-align: left;\"><\/div><div class=\"mtphr-shortcodes-grid5 wow fadeIn\" data-wow-delay=\".25s\">\n<p style=\"text-align: left;\">Mo\u017cesz wykorzysta\u0107 FME do konwersji danych z formatu A na B. Mo\u017cesz tak\u017ce wykona\u0107 dzi\u0119ki niemu z\u0142o\u017cone\u00a0integracje mi\u0119dzy systemami. Tak czy inaczej, kodowanie nie jest wymagane.<\/p>\n<p style=\"text-align: left;\"><\/div><\/div><\/p>\n<p style=\"text-align: left;\">\n<p style=\"text-align: left;\"><div class=\"mtphr-shortcodes-row-responsive\"><div class=\"mtphr-shortcodes-grid5 wow fadeIn\">\n<p><img loading=\"lazy\" class=\"alignnone size-full wp-image-370\" src=\"https:\/\/fme.shh.pl\/wp-content\/uploads\/2019\/04\/1.2.png\" alt=\"\" width=\"296\" height=\"171\" \/><\/p>\n<p style=\"text-align: left;\"><\/div><div class=\"mtphr-shortcodes-grid5 wow fadeIn\" data-wow-delay=\".25s\">\n<p style=\"text-align: left;\">FME zawiera setki pot\u0119\u017cnych funkcji do manipulowania struktur\u0105 i tre\u015bci\u0105 danych, nie tylko przestrzennych.<\/p>\n<p style=\"text-align: left;\"><\/div><\/div><\/p>\n<p style=\"text-align: left;\"><div class=\"mtphr-shortcodes-row-responsive\"><div class=\"mtphr-shortcodes-grid5 wow fadeIn\">\n<p><img loading=\"lazy\" class=\"alignnone size-full wp-image-371\" src=\"https:\/\/fme.shh.pl\/wp-content\/uploads\/2019\/04\/1.3.png\" alt=\"\" width=\"283\" height=\"164\" \/><\/p>\n<p style=\"text-align: left;\"><\/div><div class=\"mtphr-shortcodes-grid5 wow fadeIn\" data-wow-delay=\".25s\">\n<p style=\"text-align: left;\">Przy u\u017cyciu FME mo\u017cesz zamieni\u0107 dowolne zadanie przetwarzania danych w zautomatyzowany workflow.<br \/>\nZlikwiduj zb\u0119dne, \u017cmudne operacje na danych, kt\u00f3re musisz wykonywa\u0107 ka\u017cdego dnia.<\/p>\n<p style=\"text-align: left;\"><\/div><\/div><\/p>\n","protected":false},"excerpt":{"rendered":"<p>Jak dzia\u0142a FME<\/p>\n","protected":false},"author":5,"featured_media":0,"parent":125,"menu_order":24,"comment_status":"closed","ping_status":"closed","template":"","meta":{"_mi_skip_tracking":false},"_links":{"self":[{"href":"https:\/\/fme.shh.pl\/index.php\/wp-json\/wp\/v2\/pages\/133"}],"collection":[{"href":"https:\/\/fme.shh.pl\/index.php\/wp-json\/wp\/v2\/pages"}],"about":[{"href":"https:\/\/fme.shh.pl\/index.php\/wp-json\/wp\/v2\/types\/page"}],"author":[{"embeddable":true,"href":"https:\/\/fme.shh.pl\/index.php\/wp-json\/wp\/v2\/users\/5"}],"replies":[{"embeddable":true,"href":"https:\/\/fme.shh.pl\/index.php\/wp-json\/wp\/v2\/comments?post=133"}],"version-history":[{"count":34,"href":"https:\/\/fme.shh.pl\/index.php\/wp-json\/wp\/v2\/pages\/133\/revisions"}],"predecessor-version":[{"id":502,"href":"https:\/\/fme.shh.pl\/index.php\/wp-json\/wp\/v2\/pages\/133\/revisions\/502"}],"up":[{"embeddable":true,"href":"https:\/\/fme.shh.pl\/index.php\/wp-json\/wp\/v2\/pages\/125"}],"wp:attachment":[{"href":"https:\/\/fme.shh.pl\/index.php\/wp-json\/wp\/v2\/media?parent=133"}],"curies":[{"name":"wp","href":"https:\/\/api.w.org\/{rel}","templated":true}]}}