{"id":697,"date":"2019-05-04T13:03:22","date_gmt":"2019-05-04T11:03:22","guid":{"rendered":"http:\/\/wordpress1625744.home.pl\/autoinstalator\/wordpressplugins\/?page_id=697"},"modified":"2020-05-12T14:54:21","modified_gmt":"2020-05-12T12:54:21","slug":"transformacja","status":"publish","type":"page","link":"https:\/\/fme.shh.pl\/index.php\/funkcjonalnosc\/transformacja\/","title":{"rendered":"Transformacja"},"content":{"rendered":"\n<p>FME Workbench to zaawansowane narz\u0119dzie do przetwarzania, udost\u0119pniania, transformacji,<br>\nwalidacji i integracji danych. Projektowanie skryptu przetwarzania danych odbywa si\u0119 przy u\u017cyciu<br>\ngraficznych element\u00f3w. Skrypt przetwarzany jest domy\u015blnie od strony lewej do prawej: adaptery<br>\n\u017ar\u00f3de\u0142 danych (Readers) s\u0105 umieszczane po lewej stronie skryptu, funkcje w cz\u0119\u015bci centralnej,<br>\nnatomiast adaptery zapisu (Writers) \u2013 po stronie prawej. Po\u0142\u0105czenia pomi\u0119dzy elementami skryptu<br>\nodwzorowuj\u0105 przep\u0142yw danych: po\u0142\u0105czenia mog\u0105 si\u0119 rozga\u0142\u0119zia\u0107 w r\u00f3\u017cnych kierunkach i dochodzi\u0107<br>\ndo r\u00f3\u017cnych obiekt\u00f3w.<\/p>\n","protected":false},"excerpt":{"rendered":"<p>FME Workbench to zaawansowane narz\u0119dzie do przetwarzania, udost\u0119pniania, transformacji, walidacji i integracji danych. Projektowanie skryptu przetwarzania danych odbywa si\u0119 przy u\u017cyciu graficznych element\u00f3w. Skrypt przetwarzany jest domy\u015blnie od strony lewej do prawej: adaptery \u017ar\u00f3de\u0142 danych (Readers) s\u0105 umieszczane po lewej stronie skryptu, funkcje w cz\u0119\u015bci centralnej, natomiast adaptery zapisu (Writers) \u2013 po stronie prawej. Po\u0142\u0105czenia pomi\u0119dzy elementami skryptu odwzorowuj\u0105 przep\u0142yw &hellip;<\/p>\n","protected":false},"author":5,"featured_media":0,"parent":129,"menu_order":1,"comment_status":"closed","ping_status":"closed","template":"","meta":{"_mi_skip_tracking":false},"_links":{"self":[{"href":"https:\/\/fme.shh.pl\/index.php\/wp-json\/wp\/v2\/pages\/697"}],"collection":[{"href":"https:\/\/fme.shh.pl\/index.php\/wp-json\/wp\/v2\/pages"}],"about":[{"href":"https:\/\/fme.shh.pl\/index.php\/wp-json\/wp\/v2\/types\/page"}],"author":[{"embeddable":true,"href":"https:\/\/fme.shh.pl\/index.php\/wp-json\/wp\/v2\/users\/5"}],"replies":[{"embeddable":true,"href":"https:\/\/fme.shh.pl\/index.php\/wp-json\/wp\/v2\/comments?post=697"}],"version-history":[{"count":3,"href":"https:\/\/fme.shh.pl\/index.php\/wp-json\/wp\/v2\/pages\/697\/revisions"}],"predecessor-version":[{"id":841,"href":"https:\/\/fme.shh.pl\/index.php\/wp-json\/wp\/v2\/pages\/697\/revisions\/841"}],"up":[{"embeddable":true,"href":"https:\/\/fme.shh.pl\/index.php\/wp-json\/wp\/v2\/pages\/129"}],"wp:attachment":[{"href":"https:\/\/fme.shh.pl\/index.php\/wp-json\/wp\/v2\/media?parent=697"}],"curies":[{"name":"wp","href":"https:\/\/api.w.org\/{rel}","templated":true}]}}